{"id":89,"date":"2020-01-10T17:41:06","date_gmt":"2020-01-10T16:41:06","guid":{"rendered":"http:\/\/www.handballschule-rheinneckar.de\/?page_id=89"},"modified":"2020-01-11T14:28:36","modified_gmt":"2020-01-11T13:28:36","slug":"training","status":"publish","type":"page","link":"https:\/\/www.handballschule-rheinneckar.de\/?page_id=89","title":{"rendered":"Training &#038; Karriere"},"content":{"rendered":"\n<p class=\"wp-block-paragraph\">Du interessierst dich f\u00fcr individuelles Training, um besser zu werden?<\/p>\n\n\n\n<p class=\"wp-block-paragraph\">Du brauchst Hilfe bei der Karriereplanung?<\/p>\n\n\n\n<p class=\"wp-block-paragraph\">Wir unterst\u00fctzen, analysieren und trainieren mit dir f\u00fcr dich!<\/p>\n\n\n\n<figure class=\"wp-block-image size-medium\"><img loading=\"lazy\" decoding=\"async\" width=\"294\" height=\"300\" src=\"https:\/\/www.handballschule-rheinneckar.de\/wp-content\/uploads\/2020\/01\/Strichmaennchen_black-2-294x300.png\" alt=\"\" class=\"wp-image-84\" srcset=\"https:\/\/www.handballschule-rheinneckar.de\/wp-content\/uploads\/2020\/01\/Strichmaennchen_black-2-294x300.png 294w, https:\/\/www.handballschule-rheinneckar.de\/wp-content\/uploads\/2020\/01\/Strichmaennchen_black-2-1002x1024.png 1002w, https:\/\/www.handballschule-rheinneckar.de\/wp-content\/uploads\/2020\/01\/Strichmaennchen_black-2-768x785.png 768w, https:\/\/www.handballschule-rheinneckar.de\/wp-content\/uploads\/2020\/01\/Strichmaennchen_black-2.png 1455w\" sizes=\"auto, (max-width: 294px) 100vw, 294px\" \/><\/figure>\n","protected":false},"excerpt":{"rendered":"<p>Du interessierst dich f\u00fcr individuelles Training, um besser zu werden? Du brauchst Hilfe bei der Karriereplanung? Wir unterst\u00fctzen, analysieren und trainieren mit dir f\u00fcr dich!<\/p>\n","protected":false},"author":1,"featured_media":0,"parent":0,"menu_order":0,"comment_status":"closed","ping_status":"closed","template":"","meta":{"_crdt_document":"","footnotes":""},"class_list":["post-89","page","type-page","status-publish","hentry"],"_links":{"self":[{"href":"https:\/\/www.handballschule-rheinneckar.de\/index.php?rest_route=\/wp\/v2\/pages\/89","targetHints":{"allow":["GET"]}}],"collection":[{"href":"https:\/\/www.handballschule-rheinneckar.de\/index.php?rest_route=\/wp\/v2\/pages"}],"about":[{"href":"https:\/\/www.handballschule-rheinneckar.de\/index.php?rest_route=\/wp\/v2\/types\/page"}],"author":[{"embeddable":true,"href":"https:\/\/www.handballschule-rheinneckar.de\/index.php?rest_route=\/wp\/v2\/users\/1"}],"replies":[{"embeddable":true,"href":"https:\/\/www.handballschule-rheinneckar.de\/index.php?rest_route=%2Fwp%2Fv2%2Fcomments&post=89"}],"version-history":[{"count":3,"href":"https:\/\/www.handballschule-rheinneckar.de\/index.php?rest_route=\/wp\/v2\/pages\/89\/revisions"}],"predecessor-version":[{"id":108,"href":"https:\/\/www.handballschule-rheinneckar.de\/index.php?rest_route=\/wp\/v2\/pages\/89\/revisions\/108"}],"wp:attachment":[{"href":"https:\/\/www.handballschule-rheinneckar.de\/index.php?rest_route=%2Fwp%2Fv2%2Fmedia&parent=89"}],"curies":[{"name":"wp","href":"https:\/\/api.w.org\/{rel}","templated":true}]}}