{"id":87,"date":"2020-01-10T17:40:26","date_gmt":"2020-01-10T16:40:26","guid":{"rendered":"http:\/\/www.handballschule-rheinneckar.de\/?page_id=87"},"modified":"2020-01-11T14:32:25","modified_gmt":"2020-01-11T13:32:25","slug":"camps","status":"publish","type":"page","link":"https:\/\/www.handballschule-rheinneckar.de\/?page_id=87","title":{"rendered":"Camps"},"content":{"rendered":"\n<p class=\"wp-block-paragraph\">Alles rund um Handballcamps:<\/p>\n\n\n\n<p class=\"wp-block-paragraph\">Ob Tages-, Wochenende- oder Feriencamp: Wir f\u00fchren Handballcamps f\u00fcr Vereine und Verb\u00e4nde durch und organisieren von A bis Z.<\/p>\n\n\n\n<p class=\"wp-block-paragraph\">Wir bieten das Komplettpaket an und k\u00fcmmern uns um Werbung, Druck von T-Shirts, das Trainerteam und erstellen die Trainingspl\u00e4ne. Es werden alters- und leistungsrechte Gruppen eingeteilt und je nach Leistungsstand nach dem aktuellen DHB-Rahmenkonzept trainiert.<\/p>\n\n\n\n<p class=\"wp-block-paragraph\">F\u00fcr weitere Informationen steht euch Steffen jederzeit zur Verf\u00fcgung.<\/p>\n\n\n\n<figure class=\"wp-block-image size-medium\"><a href=\"https:\/\/photos.google.com\/share\/AF1QipNzEUKI2OFQ6kSr1WCigpWpDP1z0hv_AZqc6YpPKCox_3n_IQRppKJenZ6GJLflTA?key=NFNjV0kzWUpiZGtzZldKWkItVG9xYmNhM0RUb3FB\" target=\"_blank\" rel=\"noreferrer noopener\"><img loading=\"lazy\" decoding=\"async\" width=\"300\" height=\"200\" src=\"https:\/\/www.handballschule-rheinneckar.de\/wp-content\/uploads\/2019\/06\/Handb\u00e4lle-300x200.jpg\" alt=\"\" class=\"wp-image-38\" srcset=\"https:\/\/www.handballschule-rheinneckar.de\/wp-content\/uploads\/2019\/06\/Handb\u00e4lle-300x200.jpg 300w, https:\/\/www.handballschule-rheinneckar.de\/wp-content\/uploads\/2019\/06\/Handb\u00e4lle-768x512.jpg 768w, https:\/\/www.handballschule-rheinneckar.de\/wp-content\/uploads\/2019\/06\/Handb\u00e4lle-1024x683.jpg 1024w, https:\/\/www.handballschule-rheinneckar.de\/wp-content\/uploads\/2019\/06\/Handb\u00e4lle.jpg 2048w\" sizes=\"auto, (max-width: 300px) 100vw, 300px\" \/><\/a><figcaption>Impressionen von unseren Handballcamps &#8211; klick auf das Bild<\/figcaption><\/figure>\n\n\n\n<p class=\"wp-block-paragraph\"><\/p>\n","protected":false},"excerpt":{"rendered":"<p>Alles rund um Handballcamps: Ob Tages-, Wochenende- oder Feriencamp: Wir f\u00fchren Handballcamps f\u00fcr Vereine und Verb\u00e4nde durch und organisieren von A bis Z. Wir bieten das Komplettpaket an und k\u00fcmmern uns um Werbung, Druck von T-Shirts, das Trainerteam und erstellen die Trainingspl\u00e4ne. Es werden alters- und leistungsrechte Gruppen eingeteilt und je nach Leistungsstand nach dem [&hellip;]<\/p>\n","protected":false},"author":1,"featured_media":0,"parent":0,"menu_order":0,"comment_status":"closed","ping_status":"closed","template":"","meta":{"_crdt_document":"","footnotes":""},"class_list":["post-87","page","type-page","status-publish","hentry"],"_links":{"self":[{"href":"https:\/\/www.handballschule-rheinneckar.de\/index.php?rest_route=\/wp\/v2\/pages\/87","targetHints":{"allow":["GET"]}}],"collection":[{"href":"https:\/\/www.handballschule-rheinneckar.de\/index.php?rest_route=\/wp\/v2\/pages"}],"about":[{"href":"https:\/\/www.handballschule-rheinneckar.de\/index.php?rest_route=\/wp\/v2\/types\/page"}],"author":[{"embeddable":true,"href":"https:\/\/www.handballschule-rheinneckar.de\/index.php?rest_route=\/wp\/v2\/users\/1"}],"replies":[{"embeddable":true,"href":"https:\/\/www.handballschule-rheinneckar.de\/index.php?rest_route=%2Fwp%2Fv2%2Fcomments&post=87"}],"version-history":[{"count":6,"href":"https:\/\/www.handballschule-rheinneckar.de\/index.php?rest_route=\/wp\/v2\/pages\/87\/revisions"}],"predecessor-version":[{"id":126,"href":"https:\/\/www.handballschule-rheinneckar.de\/index.php?rest_route=\/wp\/v2\/pages\/87\/revisions\/126"}],"wp:attachment":[{"href":"https:\/\/www.handballschule-rheinneckar.de\/index.php?rest_route=%2Fwp%2Fv2%2Fmedia&parent=87"}],"curies":[{"name":"wp","href":"https:\/\/api.w.org\/{rel}","templated":true}]}}