{"id":201,"date":"2022-10-01T19:25:25","date_gmt":"2022-10-01T17:25:25","guid":{"rendered":"https:\/\/www.handballschule-rheinneckar.de\/?page_id=201"},"modified":"2022-10-01T19:29:42","modified_gmt":"2022-10-01T17:29:42","slug":"fortsetzun-in-der-d-jugend","status":"publish","type":"page","link":"https:\/\/www.handballschule-rheinneckar.de\/?page_id=201","title":{"rendered":"Fortsetzung mit der D-Jugend"},"content":{"rendered":"\n<p class=\"wp-block-paragraph\">Am Samstag (25.9.22) trafen wir uns mit zehn D-Jugend-M\u00e4dels wieder.<\/p>\n\n\n\n<p class=\"wp-block-paragraph\">In der ersten Trainingseinheit wurde sehr viel im Bereich Technik gearbeitet . K\u00f6rpert\u00e4uschungen und Kreuzen wurden von den M\u00e4dels toll umgesetzt. Tamara, unsere Athletiktrainerin, hatte auch einige Aktivierungs\u00fcbungen sowie Sprint\u00fcbungen mit im Gep\u00e4ck.<\/p>\n\n\n\n<p class=\"wp-block-paragraph\">Nach einem leckeren Mittagessen beim Sponsor der TG Gastst\u00e4tte in Heddesheim ging es mit der zweiten Einheit weiter. Hier lag der Schwerpunkt im Bereich Spass: Die Rollbretter kamen sehr gut an und auch die Torh\u00fcterin kam nicht zu kurz, denn sie stand eine halbe Stunde im Mittelpunkt und hatte in der Zeit : Einiges zu tun. Danach wurde noch ein Abschlussspiel durchgef\u00fchrt und nach dem ausgiebigen Cool Down gingen alle gl\u00fccklich nach Hause. Alle waren sich einig: Es schreit im n\u00e4chsten Jahr nach einer Wiederholung.<\/p>\n\n\n\n<p class=\"wp-block-paragraph\">Wir von der Handballschule Rhein Neckar kommen sehr gerne wieder!!<\/p>\n\n\n\n<p class=\"wp-block-paragraph\">&nbsp;Bis dahin bleibt alle verletzungsfrei !<\/p>\n\n\n\n<p class=\"wp-block-paragraph\">Steffen Piffkowski<\/p>\n\n\n\n<figure class=\"wp-block-gallery has-nested-images columns-5 is-cropped wp-block-gallery-1 is-layout-flex wp-block-gallery-is-layout-flex\">\n<figure class=\"wp-block-image size-large\"><a href=\"https:\/\/www.handballschule-rheinneckar.de\/wp-content\/uploads\/2022\/10\/IMG-20220928-WA0002.jpg\"><img loading=\"lazy\" decoding=\"async\" width=\"1024\" height=\"768\" data-id=\"205\" src=\"https:\/\/www.handballschule-rheinneckar.de\/wp-content\/uploads\/2022\/10\/IMG-20220928-WA0002-1024x768.jpg\" alt=\"\" class=\"wp-image-205\" srcset=\"https:\/\/www.handballschule-rheinneckar.de\/wp-content\/uploads\/2022\/10\/IMG-20220928-WA0002-1024x768.jpg 1024w, https:\/\/www.handballschule-rheinneckar.de\/wp-content\/uploads\/2022\/10\/IMG-20220928-WA0002-300x225.jpg 300w, https:\/\/www.handballschule-rheinneckar.de\/wp-content\/uploads\/2022\/10\/IMG-20220928-WA0002-768x576.jpg 768w, https:\/\/www.handballschule-rheinneckar.de\/wp-content\/uploads\/2022\/10\/IMG-20220928-WA0002-1536x1152.jpg 1536w, https:\/\/www.handballschule-rheinneckar.de\/wp-content\/uploads\/2022\/10\/IMG-20220928-WA0002-788x591.jpg 788w, https:\/\/www.handballschule-rheinneckar.de\/wp-content\/uploads\/2022\/10\/IMG-20220928-WA0002.jpg 1600w\" sizes=\"auto, (max-width: 1024px) 100vw, 1024px\" \/><\/a><\/figure>\n\n\n\n<figure class=\"wp-block-image size-large\"><a href=\"https:\/\/www.handballschule-rheinneckar.de\/wp-content\/uploads\/2022\/10\/IMG-20220928-WA0003.jpg\"><img loading=\"lazy\" decoding=\"async\" width=\"1024\" height=\"768\" data-id=\"203\" src=\"https:\/\/www.handballschule-rheinneckar.de\/wp-content\/uploads\/2022\/10\/IMG-20220928-WA0003-1024x768.jpg\" alt=\"\" class=\"wp-image-203\" srcset=\"https:\/\/www.handballschule-rheinneckar.de\/wp-content\/uploads\/2022\/10\/IMG-20220928-WA0003-1024x768.jpg 1024w, https:\/\/www.handballschule-rheinneckar.de\/wp-content\/uploads\/2022\/10\/IMG-20220928-WA0003-300x225.jpg 300w, https:\/\/www.handballschule-rheinneckar.de\/wp-content\/uploads\/2022\/10\/IMG-20220928-WA0003-768x576.jpg 768w, https:\/\/www.handballschule-rheinneckar.de\/wp-content\/uploads\/2022\/10\/IMG-20220928-WA0003-1536x1152.jpg 1536w, https:\/\/www.handballschule-rheinneckar.de\/wp-content\/uploads\/2022\/10\/IMG-20220928-WA0003-788x591.jpg 788w, https:\/\/www.handballschule-rheinneckar.de\/wp-content\/uploads\/2022\/10\/IMG-20220928-WA0003.jpg 2048w\" sizes=\"auto, (max-width: 1024px) 100vw, 1024px\" \/><\/a><\/figure>\n\n\n\n<figure class=\"wp-block-image size-large\"><a href=\"https:\/\/www.handballschule-rheinneckar.de\/wp-content\/uploads\/2022\/10\/IMG-20220928-WA0004.jpg\"><img loading=\"lazy\" decoding=\"async\" width=\"768\" height=\"1024\" data-id=\"202\" src=\"https:\/\/www.handballschule-rheinneckar.de\/wp-content\/uploads\/2022\/10\/IMG-20220928-WA0004-768x1024.jpg\" alt=\"\" class=\"wp-image-202\" srcset=\"https:\/\/www.handballschule-rheinneckar.de\/wp-content\/uploads\/2022\/10\/IMG-20220928-WA0004-768x1024.jpg 768w, https:\/\/www.handballschule-rheinneckar.de\/wp-content\/uploads\/2022\/10\/IMG-20220928-WA0004-225x300.jpg 225w, https:\/\/www.handballschule-rheinneckar.de\/wp-content\/uploads\/2022\/10\/IMG-20220928-WA0004-1152x1536.jpg 1152w, https:\/\/www.handballschule-rheinneckar.de\/wp-content\/uploads\/2022\/10\/IMG-20220928-WA0004-788x1051.jpg 788w, https:\/\/www.handballschule-rheinneckar.de\/wp-content\/uploads\/2022\/10\/IMG-20220928-WA0004.jpg 1536w\" sizes=\"auto, (max-width: 768px) 100vw, 768px\" \/><\/a><\/figure>\n\n\n\n<figure class=\"wp-block-image size-large\"><a href=\"https:\/\/www.handballschule-rheinneckar.de\/wp-content\/uploads\/2022\/10\/IMG-20220928-WA0005.jpg\"><img loading=\"lazy\" decoding=\"async\" width=\"768\" height=\"1024\" data-id=\"206\" src=\"https:\/\/www.handballschule-rheinneckar.de\/wp-content\/uploads\/2022\/10\/IMG-20220928-WA0005-768x1024.jpg\" alt=\"\" class=\"wp-image-206\" srcset=\"https:\/\/www.handballschule-rheinneckar.de\/wp-content\/uploads\/2022\/10\/IMG-20220928-WA0005-768x1024.jpg 768w, https:\/\/www.handballschule-rheinneckar.de\/wp-content\/uploads\/2022\/10\/IMG-20220928-WA0005-225x300.jpg 225w, https:\/\/www.handballschule-rheinneckar.de\/wp-content\/uploads\/2022\/10\/IMG-20220928-WA0005-1152x1536.jpg 1152w, https:\/\/www.handballschule-rheinneckar.de\/wp-content\/uploads\/2022\/10\/IMG-20220928-WA0005-788x1051.jpg 788w, https:\/\/www.handballschule-rheinneckar.de\/wp-content\/uploads\/2022\/10\/IMG-20220928-WA0005.jpg 1536w\" sizes=\"auto, (max-width: 768px) 100vw, 768px\" \/><\/a><\/figure>\n\n\n\n<figure class=\"wp-block-image size-large\"><a href=\"https:\/\/www.handballschule-rheinneckar.de\/wp-content\/uploads\/2022\/10\/IMG-20220928-WA0007.jpg\"><img loading=\"lazy\" decoding=\"async\" width=\"1024\" height=\"768\" data-id=\"207\" src=\"https:\/\/www.handballschule-rheinneckar.de\/wp-content\/uploads\/2022\/10\/IMG-20220928-WA0007-1024x768.jpg\" alt=\"\" class=\"wp-image-207\" srcset=\"https:\/\/www.handballschule-rheinneckar.de\/wp-content\/uploads\/2022\/10\/IMG-20220928-WA0007-1024x768.jpg 1024w, https:\/\/www.handballschule-rheinneckar.de\/wp-content\/uploads\/2022\/10\/IMG-20220928-WA0007-300x225.jpg 300w, https:\/\/www.handballschule-rheinneckar.de\/wp-content\/uploads\/2022\/10\/IMG-20220928-WA0007-768x576.jpg 768w, https:\/\/www.handballschule-rheinneckar.de\/wp-content\/uploads\/2022\/10\/IMG-20220928-WA0007-1536x1152.jpg 1536w, https:\/\/www.handballschule-rheinneckar.de\/wp-content\/uploads\/2022\/10\/IMG-20220928-WA0007-788x591.jpg 788w, https:\/\/www.handballschule-rheinneckar.de\/wp-content\/uploads\/2022\/10\/IMG-20220928-WA0007.jpg 2048w\" sizes=\"auto, (max-width: 1024px) 100vw, 1024px\" \/><\/a><\/figure>\n\n\n\n<figure class=\"wp-block-image size-large\"><a href=\"https:\/\/www.handballschule-rheinneckar.de\/wp-content\/uploads\/2022\/10\/IMG-20220928-WA0008.jpg\"><img loading=\"lazy\" decoding=\"async\" width=\"768\" height=\"1024\" data-id=\"217\" src=\"https:\/\/www.handballschule-rheinneckar.de\/wp-content\/uploads\/2022\/10\/IMG-20220928-WA0008-768x1024.jpg\" alt=\"\" class=\"wp-image-217\" srcset=\"https:\/\/www.handballschule-rheinneckar.de\/wp-content\/uploads\/2022\/10\/IMG-20220928-WA0008-768x1024.jpg 768w, https:\/\/www.handballschule-rheinneckar.de\/wp-content\/uploads\/2022\/10\/IMG-20220928-WA0008-225x300.jpg 225w, https:\/\/www.handballschule-rheinneckar.de\/wp-content\/uploads\/2022\/10\/IMG-20220928-WA0008-1152x1536.jpg 1152w, https:\/\/www.handballschule-rheinneckar.de\/wp-content\/uploads\/2022\/10\/IMG-20220928-WA0008-788x1051.jpg 788w, https:\/\/www.handballschule-rheinneckar.de\/wp-content\/uploads\/2022\/10\/IMG-20220928-WA0008.jpg 1536w\" sizes=\"auto, (max-width: 768px) 100vw, 768px\" \/><\/a><\/figure>\n\n\n\n<figure class=\"wp-block-image size-large\"><a href=\"https:\/\/www.handballschule-rheinneckar.de\/wp-content\/uploads\/2022\/10\/IMG-20220928-WA0009.jpg\"><img loading=\"lazy\" decoding=\"async\" width=\"768\" height=\"1024\" data-id=\"215\" src=\"https:\/\/www.handballschule-rheinneckar.de\/wp-content\/uploads\/2022\/10\/IMG-20220928-WA0009-768x1024.jpg\" alt=\"\" class=\"wp-image-215\" srcset=\"https:\/\/www.handballschule-rheinneckar.de\/wp-content\/uploads\/2022\/10\/IMG-20220928-WA0009-768x1024.jpg 768w, https:\/\/www.handballschule-rheinneckar.de\/wp-content\/uploads\/2022\/10\/IMG-20220928-WA0009-225x300.jpg 225w, https:\/\/www.handballschule-rheinneckar.de\/wp-content\/uploads\/2022\/10\/IMG-20220928-WA0009-1152x1536.jpg 1152w, https:\/\/www.handballschule-rheinneckar.de\/wp-content\/uploads\/2022\/10\/IMG-20220928-WA0009-788x1051.jpg 788w, https:\/\/www.handballschule-rheinneckar.de\/wp-content\/uploads\/2022\/10\/IMG-20220928-WA0009.jpg 1536w\" sizes=\"auto, (max-width: 768px) 100vw, 768px\" \/><\/a><\/figure>\n\n\n\n<figure class=\"wp-block-image size-large\"><a href=\"https:\/\/www.handballschule-rheinneckar.de\/wp-content\/uploads\/2022\/10\/IMG-20220928-WA0010.jpg\"><img loading=\"lazy\" decoding=\"async\" width=\"1024\" height=\"768\" data-id=\"219\" src=\"https:\/\/www.handballschule-rheinneckar.de\/wp-content\/uploads\/2022\/10\/IMG-20220928-WA0010-1024x768.jpg\" alt=\"\" class=\"wp-image-219\" srcset=\"https:\/\/www.handballschule-rheinneckar.de\/wp-content\/uploads\/2022\/10\/IMG-20220928-WA0010-1024x768.jpg 1024w, https:\/\/www.handballschule-rheinneckar.de\/wp-content\/uploads\/2022\/10\/IMG-20220928-WA0010-300x225.jpg 300w, https:\/\/www.handballschule-rheinneckar.de\/wp-content\/uploads\/2022\/10\/IMG-20220928-WA0010-768x576.jpg 768w, https:\/\/www.handballschule-rheinneckar.de\/wp-content\/uploads\/2022\/10\/IMG-20220928-WA0010-1536x1152.jpg 1536w, https:\/\/www.handballschule-rheinneckar.de\/wp-content\/uploads\/2022\/10\/IMG-20220928-WA0010-788x591.jpg 788w, https:\/\/www.handballschule-rheinneckar.de\/wp-content\/uploads\/2022\/10\/IMG-20220928-WA0010.jpg 2048w\" sizes=\"auto, (max-width: 1024px) 100vw, 1024px\" \/><\/a><\/figure>\n\n\n\n<figure class=\"wp-block-image size-large\"><a href=\"https:\/\/www.handballschule-rheinneckar.de\/wp-content\/uploads\/2022\/10\/IMG-20220928-WA0011.jpg\"><img loading=\"lazy\" decoding=\"async\" width=\"768\" height=\"1024\" data-id=\"218\" src=\"https:\/\/www.handballschule-rheinneckar.de\/wp-content\/uploads\/2022\/10\/IMG-20220928-WA0011-768x1024.jpg\" alt=\"\" class=\"wp-image-218\" srcset=\"https:\/\/www.handballschule-rheinneckar.de\/wp-content\/uploads\/2022\/10\/IMG-20220928-WA0011-768x1024.jpg 768w, https:\/\/www.handballschule-rheinneckar.de\/wp-content\/uploads\/2022\/10\/IMG-20220928-WA0011-225x300.jpg 225w, https:\/\/www.handballschule-rheinneckar.de\/wp-content\/uploads\/2022\/10\/IMG-20220928-WA0011-1152x1536.jpg 1152w, https:\/\/www.handballschule-rheinneckar.de\/wp-content\/uploads\/2022\/10\/IMG-20220928-WA0011-788x1051.jpg 788w, https:\/\/www.handballschule-rheinneckar.de\/wp-content\/uploads\/2022\/10\/IMG-20220928-WA0011.jpg 1536w\" sizes=\"auto, (max-width: 768px) 100vw, 768px\" \/><\/a><\/figure>\n\n\n\n<figure class=\"wp-block-image size-large\"><a href=\"https:\/\/www.handballschule-rheinneckar.de\/wp-content\/uploads\/2022\/10\/IMG-20220928-WA0012.jpg\"><img loading=\"lazy\" decoding=\"async\" width=\"768\" height=\"1024\" data-id=\"214\" src=\"https:\/\/www.handballschule-rheinneckar.de\/wp-content\/uploads\/2022\/10\/IMG-20220928-WA0012-768x1024.jpg\" alt=\"\" class=\"wp-image-214\" srcset=\"https:\/\/www.handballschule-rheinneckar.de\/wp-content\/uploads\/2022\/10\/IMG-20220928-WA0012-768x1024.jpg 768w, https:\/\/www.handballschule-rheinneckar.de\/wp-content\/uploads\/2022\/10\/IMG-20220928-WA0012-225x300.jpg 225w, https:\/\/www.handballschule-rheinneckar.de\/wp-content\/uploads\/2022\/10\/IMG-20220928-WA0012-1152x1536.jpg 1152w, https:\/\/www.handballschule-rheinneckar.de\/wp-content\/uploads\/2022\/10\/IMG-20220928-WA0012-788x1051.jpg 788w, https:\/\/www.handballschule-rheinneckar.de\/wp-content\/uploads\/2022\/10\/IMG-20220928-WA0012.jpg 1536w\" sizes=\"auto, (max-width: 768px) 100vw, 768px\" \/><\/a><\/figure>\n\n\n\n<figure class=\"wp-block-image size-large\"><a href=\"https:\/\/www.handballschule-rheinneckar.de\/wp-content\/uploads\/2022\/10\/IMG-20220928-WA0013.jpg\"><img loading=\"lazy\" decoding=\"async\" width=\"768\" height=\"1024\" data-id=\"221\" src=\"https:\/\/www.handballschule-rheinneckar.de\/wp-content\/uploads\/2022\/10\/IMG-20220928-WA0013-768x1024.jpg\" alt=\"\" class=\"wp-image-221\" srcset=\"https:\/\/www.handballschule-rheinneckar.de\/wp-content\/uploads\/2022\/10\/IMG-20220928-WA0013-768x1024.jpg 768w, https:\/\/www.handballschule-rheinneckar.de\/wp-content\/uploads\/2022\/10\/IMG-20220928-WA0013-225x300.jpg 225w, https:\/\/www.handballschule-rheinneckar.de\/wp-content\/uploads\/2022\/10\/IMG-20220928-WA0013-1152x1536.jpg 1152w, https:\/\/www.handballschule-rheinneckar.de\/wp-content\/uploads\/2022\/10\/IMG-20220928-WA0013-788x1051.jpg 788w, https:\/\/www.handballschule-rheinneckar.de\/wp-content\/uploads\/2022\/10\/IMG-20220928-WA0013.jpg 1536w\" sizes=\"auto, (max-width: 768px) 100vw, 768px\" \/><\/a><\/figure>\n\n\n\n<figure class=\"wp-block-image size-large\"><a href=\"https:\/\/www.handballschule-rheinneckar.de\/wp-content\/uploads\/2022\/10\/IMG-20220928-WA0014.jpg\"><img loading=\"lazy\" decoding=\"async\" width=\"768\" height=\"1024\" data-id=\"209\" src=\"https:\/\/www.handballschule-rheinneckar.de\/wp-content\/uploads\/2022\/10\/IMG-20220928-WA0014-768x1024.jpg\" alt=\"\" class=\"wp-image-209\" srcset=\"https:\/\/www.handballschule-rheinneckar.de\/wp-content\/uploads\/2022\/10\/IMG-20220928-WA0014-768x1024.jpg 768w, https:\/\/www.handballschule-rheinneckar.de\/wp-content\/uploads\/2022\/10\/IMG-20220928-WA0014-225x300.jpg 225w, https:\/\/www.handballschule-rheinneckar.de\/wp-content\/uploads\/2022\/10\/IMG-20220928-WA0014-1152x1536.jpg 1152w, https:\/\/www.handballschule-rheinneckar.de\/wp-content\/uploads\/2022\/10\/IMG-20220928-WA0014-788x1051.jpg 788w, https:\/\/www.handballschule-rheinneckar.de\/wp-content\/uploads\/2022\/10\/IMG-20220928-WA0014.jpg 1536w\" sizes=\"auto, (max-width: 768px) 100vw, 768px\" \/><\/a><\/figure>\n\n\n\n<figure class=\"wp-block-image size-large\"><a href=\"https:\/\/www.handballschule-rheinneckar.de\/wp-content\/uploads\/2022\/10\/IMG-20220928-WA0015.jpg\"><img loading=\"lazy\" decoding=\"async\" width=\"768\" height=\"1024\" data-id=\"208\" src=\"https:\/\/www.handballschule-rheinneckar.de\/wp-content\/uploads\/2022\/10\/IMG-20220928-WA0015-768x1024.jpg\" alt=\"\" class=\"wp-image-208\" srcset=\"https:\/\/www.handballschule-rheinneckar.de\/wp-content\/uploads\/2022\/10\/IMG-20220928-WA0015-768x1024.jpg 768w, https:\/\/www.handballschule-rheinneckar.de\/wp-content\/uploads\/2022\/10\/IMG-20220928-WA0015-225x300.jpg 225w, https:\/\/www.handballschule-rheinneckar.de\/wp-content\/uploads\/2022\/10\/IMG-20220928-WA0015-1152x1536.jpg 1152w, https:\/\/www.handballschule-rheinneckar.de\/wp-content\/uploads\/2022\/10\/IMG-20220928-WA0015-788x1051.jpg 788w, https:\/\/www.handballschule-rheinneckar.de\/wp-content\/uploads\/2022\/10\/IMG-20220928-WA0015.jpg 1536w\" sizes=\"auto, (max-width: 768px) 100vw, 768px\" \/><\/a><\/figure>\n\n\n\n<figure class=\"wp-block-image size-large\"><a href=\"https:\/\/www.handballschule-rheinneckar.de\/wp-content\/uploads\/2022\/10\/IMG-20220928-WA0016.jpg\"><img loading=\"lazy\" decoding=\"async\" width=\"768\" height=\"1024\" data-id=\"210\" src=\"https:\/\/www.handballschule-rheinneckar.de\/wp-content\/uploads\/2022\/10\/IMG-20220928-WA0016-768x1024.jpg\" alt=\"\" class=\"wp-image-210\" srcset=\"https:\/\/www.handballschule-rheinneckar.de\/wp-content\/uploads\/2022\/10\/IMG-20220928-WA0016-768x1024.jpg 768w, https:\/\/www.handballschule-rheinneckar.de\/wp-content\/uploads\/2022\/10\/IMG-20220928-WA0016-225x300.jpg 225w, https:\/\/www.handballschule-rheinneckar.de\/wp-content\/uploads\/2022\/10\/IMG-20220928-WA0016-1152x1536.jpg 1152w, https:\/\/www.handballschule-rheinneckar.de\/wp-content\/uploads\/2022\/10\/IMG-20220928-WA0016-788x1051.jpg 788w, https:\/\/www.handballschule-rheinneckar.de\/wp-content\/uploads\/2022\/10\/IMG-20220928-WA0016.jpg 1536w\" sizes=\"auto, (max-width: 768px) 100vw, 768px\" \/><\/a><\/figure>\n\n\n\n<figure class=\"wp-block-image size-large\"><a href=\"https:\/\/www.handballschule-rheinneckar.de\/wp-content\/uploads\/2022\/10\/IMG-20220928-WA0017.jpg\"><img loading=\"lazy\" decoding=\"async\" width=\"768\" height=\"1024\" data-id=\"211\" src=\"https:\/\/www.handballschule-rheinneckar.de\/wp-content\/uploads\/2022\/10\/IMG-20220928-WA0017-768x1024.jpg\" alt=\"\" class=\"wp-image-211\" srcset=\"https:\/\/www.handballschule-rheinneckar.de\/wp-content\/uploads\/2022\/10\/IMG-20220928-WA0017-768x1024.jpg 768w, https:\/\/www.handballschule-rheinneckar.de\/wp-content\/uploads\/2022\/10\/IMG-20220928-WA0017-225x300.jpg 225w, https:\/\/www.handballschule-rheinneckar.de\/wp-content\/uploads\/2022\/10\/IMG-20220928-WA0017-1152x1536.jpg 1152w, https:\/\/www.handballschule-rheinneckar.de\/wp-content\/uploads\/2022\/10\/IMG-20220928-WA0017-788x1051.jpg 788w, https:\/\/www.handballschule-rheinneckar.de\/wp-content\/uploads\/2022\/10\/IMG-20220928-WA0017.jpg 1536w\" sizes=\"auto, (max-width: 768px) 100vw, 768px\" \/><\/a><\/figure>\n\n\n\n<figure class=\"wp-block-image size-large\"><a href=\"https:\/\/www.handballschule-rheinneckar.de\/wp-content\/uploads\/2022\/10\/IMG-20220928-WA0018.jpg\"><img loading=\"lazy\" decoding=\"async\" width=\"768\" height=\"1024\" data-id=\"223\" src=\"https:\/\/www.handballschule-rheinneckar.de\/wp-content\/uploads\/2022\/10\/IMG-20220928-WA0018-768x1024.jpg\" alt=\"\" class=\"wp-image-223\" srcset=\"https:\/\/www.handballschule-rheinneckar.de\/wp-content\/uploads\/2022\/10\/IMG-20220928-WA0018-768x1024.jpg 768w, https:\/\/www.handballschule-rheinneckar.de\/wp-content\/uploads\/2022\/10\/IMG-20220928-WA0018-225x300.jpg 225w, https:\/\/www.handballschule-rheinneckar.de\/wp-content\/uploads\/2022\/10\/IMG-20220928-WA0018-1152x1536.jpg 1152w, https:\/\/www.handballschule-rheinneckar.de\/wp-content\/uploads\/2022\/10\/IMG-20220928-WA0018-788x1051.jpg 788w, https:\/\/www.handballschule-rheinneckar.de\/wp-content\/uploads\/2022\/10\/IMG-20220928-WA0018.jpg 1536w\" sizes=\"auto, (max-width: 768px) 100vw, 768px\" \/><\/a><\/figure>\n\n\n\n<figure class=\"wp-block-image size-large\"><a href=\"https:\/\/www.handballschule-rheinneckar.de\/wp-content\/uploads\/2022\/10\/IMG-20220928-WA0019.jpg\"><img loading=\"lazy\" decoding=\"async\" width=\"768\" height=\"1024\" data-id=\"212\" src=\"https:\/\/www.handballschule-rheinneckar.de\/wp-content\/uploads\/2022\/10\/IMG-20220928-WA0019-768x1024.jpg\" alt=\"\" class=\"wp-image-212\" srcset=\"https:\/\/www.handballschule-rheinneckar.de\/wp-content\/uploads\/2022\/10\/IMG-20220928-WA0019-768x1024.jpg 768w, https:\/\/www.handballschule-rheinneckar.de\/wp-content\/uploads\/2022\/10\/IMG-20220928-WA0019-225x300.jpg 225w, https:\/\/www.handballschule-rheinneckar.de\/wp-content\/uploads\/2022\/10\/IMG-20220928-WA0019-1152x1536.jpg 1152w, https:\/\/www.handballschule-rheinneckar.de\/wp-content\/uploads\/2022\/10\/IMG-20220928-WA0019-788x1051.jpg 788w, https:\/\/www.handballschule-rheinneckar.de\/wp-content\/uploads\/2022\/10\/IMG-20220928-WA0019.jpg 1536w\" sizes=\"auto, (max-width: 768px) 100vw, 768px\" \/><\/a><\/figure>\n\n\n\n<figure class=\"wp-block-image size-large\"><a href=\"https:\/\/www.handballschule-rheinneckar.de\/wp-content\/uploads\/2022\/10\/IMG-20220928-WA0021.jpg\"><img loading=\"lazy\" decoding=\"async\" width=\"768\" height=\"1024\" data-id=\"213\" src=\"https:\/\/www.handballschule-rheinneckar.de\/wp-content\/uploads\/2022\/10\/IMG-20220928-WA0021-768x1024.jpg\" alt=\"\" class=\"wp-image-213\" srcset=\"https:\/\/www.handballschule-rheinneckar.de\/wp-content\/uploads\/2022\/10\/IMG-20220928-WA0021-768x1024.jpg 768w, https:\/\/www.handballschule-rheinneckar.de\/wp-content\/uploads\/2022\/10\/IMG-20220928-WA0021-225x300.jpg 225w, https:\/\/www.handballschule-rheinneckar.de\/wp-content\/uploads\/2022\/10\/IMG-20220928-WA0021-1152x1536.jpg 1152w, https:\/\/www.handballschule-rheinneckar.de\/wp-content\/uploads\/2022\/10\/IMG-20220928-WA0021-788x1051.jpg 788w, https:\/\/www.handballschule-rheinneckar.de\/wp-content\/uploads\/2022\/10\/IMG-20220928-WA0021.jpg 1536w\" sizes=\"auto, (max-width: 768px) 100vw, 768px\" \/><\/a><\/figure>\n\n\n\n<figure class=\"wp-block-image size-large\"><a href=\"https:\/\/www.handballschule-rheinneckar.de\/wp-content\/uploads\/2022\/10\/IMG-20220928-WA0022.jpg\"><img loading=\"lazy\" decoding=\"async\" width=\"768\" height=\"1024\" data-id=\"216\" src=\"https:\/\/www.handballschule-rheinneckar.de\/wp-content\/uploads\/2022\/10\/IMG-20220928-WA0022-768x1024.jpg\" alt=\"\" class=\"wp-image-216\" srcset=\"https:\/\/www.handballschule-rheinneckar.de\/wp-content\/uploads\/2022\/10\/IMG-20220928-WA0022-768x1024.jpg 768w, https:\/\/www.handballschule-rheinneckar.de\/wp-content\/uploads\/2022\/10\/IMG-20220928-WA0022-225x300.jpg 225w, https:\/\/www.handballschule-rheinneckar.de\/wp-content\/uploads\/2022\/10\/IMG-20220928-WA0022-1152x1536.jpg 1152w, https:\/\/www.handballschule-rheinneckar.de\/wp-content\/uploads\/2022\/10\/IMG-20220928-WA0022-788x1051.jpg 788w, https:\/\/www.handballschule-rheinneckar.de\/wp-content\/uploads\/2022\/10\/IMG-20220928-WA0022.jpg 1536w\" sizes=\"auto, (max-width: 768px) 100vw, 768px\" \/><\/a><\/figure>\n\n\n\n<figure class=\"wp-block-image size-large\"><a href=\"https:\/\/www.handballschule-rheinneckar.de\/wp-content\/uploads\/2022\/10\/IMG-20220928-WA0026.jpg\"><img loading=\"lazy\" decoding=\"async\" width=\"768\" height=\"1024\" data-id=\"220\" src=\"https:\/\/www.handballschule-rheinneckar.de\/wp-content\/uploads\/2022\/10\/IMG-20220928-WA0026-768x1024.jpg\" alt=\"\" class=\"wp-image-220\" srcset=\"https:\/\/www.handballschule-rheinneckar.de\/wp-content\/uploads\/2022\/10\/IMG-20220928-WA0026-768x1024.jpg 768w, https:\/\/www.handballschule-rheinneckar.de\/wp-content\/uploads\/2022\/10\/IMG-20220928-WA0026-225x300.jpg 225w, https:\/\/www.handballschule-rheinneckar.de\/wp-content\/uploads\/2022\/10\/IMG-20220928-WA0026-1152x1536.jpg 1152w, https:\/\/www.handballschule-rheinneckar.de\/wp-content\/uploads\/2022\/10\/IMG-20220928-WA0026-788x1051.jpg 788w, https:\/\/www.handballschule-rheinneckar.de\/wp-content\/uploads\/2022\/10\/IMG-20220928-WA0026.jpg 1200w\" sizes=\"auto, (max-width: 768px) 100vw, 768px\" \/><\/a><\/figure>\n\n\n\n<figure class=\"wp-block-image size-large\"><a href=\"https:\/\/www.handballschule-rheinneckar.de\/wp-content\/uploads\/2022\/10\/IMG-20220928-WA0027.jpg\"><img loading=\"lazy\" decoding=\"async\" width=\"768\" height=\"1024\" data-id=\"222\" src=\"https:\/\/www.handballschule-rheinneckar.de\/wp-content\/uploads\/2022\/10\/IMG-20220928-WA0027-768x1024.jpg\" alt=\"\" class=\"wp-image-222\" srcset=\"https:\/\/www.handballschule-rheinneckar.de\/wp-content\/uploads\/2022\/10\/IMG-20220928-WA0027-768x1024.jpg 768w, https:\/\/www.handballschule-rheinneckar.de\/wp-content\/uploads\/2022\/10\/IMG-20220928-WA0027-225x300.jpg 225w, https:\/\/www.handballschule-rheinneckar.de\/wp-content\/uploads\/2022\/10\/IMG-20220928-WA0027-1152x1536.jpg 1152w, https:\/\/www.handballschule-rheinneckar.de\/wp-content\/uploads\/2022\/10\/IMG-20220928-WA0027-788x1051.jpg 788w, https:\/\/www.handballschule-rheinneckar.de\/wp-content\/uploads\/2022\/10\/IMG-20220928-WA0027.jpg 1200w\" sizes=\"auto, (max-width: 768px) 100vw, 768px\" \/><\/a><\/figure>\n<\/figure>\n","protected":false},"excerpt":{"rendered":"<p>Am Samstag (25.9.22) trafen wir uns mit zehn D-Jugend-M\u00e4dels wieder. In der ersten Trainingseinheit wurde sehr viel im Bereich Technik gearbeitet . K\u00f6rpert\u00e4uschungen und Kreuzen wurden von den M\u00e4dels toll umgesetzt. Tamara, unsere Athletiktrainerin, hatte auch einige Aktivierungs\u00fcbungen sowie Sprint\u00fcbungen mit im Gep\u00e4ck. Nach einem leckeren Mittagessen beim Sponsor der TG Gastst\u00e4tte in Heddesheim ging [&hellip;]<\/p>\n","protected":false},"author":1,"featured_media":205,"parent":0,"menu_order":0,"comment_status":"closed","ping_status":"closed","template":"","meta":{"_crdt_document":"","footnotes":""},"class_list":["post-201","page","type-page","status-publish","has-post-thumbnail","hentry"],"_links":{"self":[{"href":"https:\/\/www.handballschule-rheinneckar.de\/index.php?rest_route=\/wp\/v2\/pages\/201","targetHints":{"allow":["GET"]}}],"collection":[{"href":"https:\/\/www.handballschule-rheinneckar.de\/index.php?rest_route=\/wp\/v2\/pages"}],"about":[{"href":"https:\/\/www.handballschule-rheinneckar.de\/index.php?rest_route=\/wp\/v2\/types\/page"}],"author":[{"embeddable":true,"href":"https:\/\/www.handballschule-rheinneckar.de\/index.php?rest_route=\/wp\/v2\/users\/1"}],"replies":[{"embeddable":true,"href":"https:\/\/www.handballschule-rheinneckar.de\/index.php?rest_route=%2Fwp%2Fv2%2Fcomments&post=201"}],"version-history":[{"count":3,"href":"https:\/\/www.handballschule-rheinneckar.de\/index.php?rest_route=\/wp\/v2\/pages\/201\/revisions"}],"predecessor-version":[{"id":231,"href":"https:\/\/www.handballschule-rheinneckar.de\/index.php?rest_route=\/wp\/v2\/pages\/201\/revisions\/231"}],"wp:featuredmedia":[{"embeddable":true,"href":"https:\/\/www.handballschule-rheinneckar.de\/index.php?rest_route=\/wp\/v2\/media\/205"}],"wp:attachment":[{"href":"https:\/\/www.handballschule-rheinneckar.de\/index.php?rest_route=%2Fwp%2Fv2%2Fmedia&parent=201"}],"curies":[{"name":"wp","href":"https:\/\/api.w.org\/{rel}","templated":true}]}}