{"id":134,"date":"2022-09-14T19:51:40","date_gmt":"2022-09-14T17:51:40","guid":{"rendered":"https:\/\/www.handballschule-rheinneckar.de\/?page_id=134"},"modified":"2022-09-14T20:11:15","modified_gmt":"2022-09-14T18:11:15","slug":"tagescamp-in-heddesheim","status":"publish","type":"page","link":"https:\/\/www.handballschule-rheinneckar.de\/?page_id=134","title":{"rendered":"Tagescamp in Heddesheim"},"content":{"rendered":"\n<p class=\"wp-block-paragraph\">Am Sonntag, den 11. September 2022 waren Handballschule-RN-Trainerin Laura Pavic und Initiator Steffen Piffkowski zu Gast bei den D-M\u00e4dels in Heddesheim.<\/p>\n\n\n\n<p class=\"wp-block-paragraph\">In der 1. Einheit &nbsp;von 10-12 Uhr lag unser Fokus auf der technische Ausbildung. Der Wurfarm und die T\u00e4uschungen zur und gegen die Hand sowie das Abdrehen wurde von den M\u00e4dels schnell und sehr gut umgesetzt. Laura Pavic gab auf der anderen Hallenh\u00e4lfte Torh\u00fctertraining.<\/p>\n\n\n\n<p class=\"wp-block-paragraph\">Nach einem leckeren Essen in der Gastst\u00e4tte der TG Heddesheim ging es in der 2. Einheit von 13.30-15.30Uhr weiter: An der Koordinationsleiter zeigten die M\u00e4dels ihre Technik in Sachen Beinarbeit und an den Airbody`s wurden die am Vormittag gelernten T\u00e4uschungen ge\u00fcbt. Jetzt aber mit Wurf aufs Tor als Abschluss. Nach einigen Tempogegenst\u00f6\u00dfen und dem obligatorischen Spiel zum Ende gingen die M\u00e4dels gl\u00fccklich und gut gelaunt nach Hause . Wir freuen uns schon auf den 25. September, wenn wir uns hoffentlich alle gesund und motiviert wiedersehen.<\/p>\n\n\n\n<div class=\"wp-block-group\"><div class=\"wp-block-group__inner-container is-layout-flow wp-block-group-is-layout-flow\">\n<figure class=\"wp-block-gallery has-nested-images columns-5 wp-block-gallery-1 is-layout-flex wp-block-gallery-is-layout-flex\">\n<figure class=\"wp-block-image size-thumbnail\"><a href=\"https:\/\/www.handballschule-rheinneckar.de\/wp-content\/uploads\/2022\/09\/IMG-20220911-WA0000.jpg\"><img loading=\"lazy\" decoding=\"async\" width=\"150\" height=\"150\" data-id=\"136\" src=\"https:\/\/www.handballschule-rheinneckar.de\/wp-content\/uploads\/2022\/09\/IMG-20220911-WA0000-150x150.jpg\" alt=\"\" class=\"wp-image-136\"\/><\/a><\/figure>\n\n\n\n<figure class=\"wp-block-image size-thumbnail\"><a href=\"https:\/\/www.handballschule-rheinneckar.de\/wp-content\/uploads\/2022\/09\/IMG-20220911-WA0034.jpg\"><img loading=\"lazy\" decoding=\"async\" width=\"150\" height=\"150\" data-id=\"160\" src=\"https:\/\/www.handballschule-rheinneckar.de\/wp-content\/uploads\/2022\/09\/IMG-20220911-WA0034-150x150.jpg\" alt=\"\" class=\"wp-image-160\"\/><\/a><\/figure>\n\n\n\n<figure class=\"wp-block-image size-thumbnail\"><a href=\"https:\/\/www.handballschule-rheinneckar.de\/wp-content\/uploads\/2022\/09\/IMG-20220911-WA0036.jpg\"><img loading=\"lazy\" decoding=\"async\" width=\"150\" height=\"150\" data-id=\"162\" src=\"https:\/\/www.handballschule-rheinneckar.de\/wp-content\/uploads\/2022\/09\/IMG-20220911-WA0036-150x150.jpg\" alt=\"\" class=\"wp-image-162\"\/><\/a><\/figure>\n\n\n\n<figure class=\"wp-block-image size-thumbnail\"><a href=\"https:\/\/www.handballschule-rheinneckar.de\/wp-content\/uploads\/2022\/09\/IMG-20220911-WA0035.jpg\"><img loading=\"lazy\" decoding=\"async\" width=\"150\" height=\"150\" data-id=\"161\" src=\"https:\/\/www.handballschule-rheinneckar.de\/wp-content\/uploads\/2022\/09\/IMG-20220911-WA0035-150x150.jpg\" alt=\"\" class=\"wp-image-161\"\/><\/a><\/figure>\n\n\n\n<figure class=\"wp-block-image size-thumbnail\"><a href=\"https:\/\/www.handballschule-rheinneckar.de\/wp-content\/uploads\/2022\/09\/IMG-20220911-WA0037.jpg\"><img loading=\"lazy\" decoding=\"async\" width=\"150\" height=\"150\" data-id=\"163\" src=\"https:\/\/www.handballschule-rheinneckar.de\/wp-content\/uploads\/2022\/09\/IMG-20220911-WA0037-150x150.jpg\" alt=\"\" class=\"wp-image-163\"\/><\/a><\/figure>\n\n\n\n<figure class=\"wp-block-image size-thumbnail\"><a href=\"https:\/\/www.handballschule-rheinneckar.de\/wp-content\/uploads\/2022\/09\/IMG-20220911-WA0033.jpg\"><img loading=\"lazy\" decoding=\"async\" width=\"150\" height=\"150\" data-id=\"159\" src=\"https:\/\/www.handballschule-rheinneckar.de\/wp-content\/uploads\/2022\/09\/IMG-20220911-WA0033-150x150.jpg\" alt=\"\" class=\"wp-image-159\"\/><\/a><\/figure>\n\n\n\n<figure class=\"wp-block-image size-thumbnail\"><a href=\"https:\/\/www.handballschule-rheinneckar.de\/wp-content\/uploads\/2022\/09\/IMG-20220911-WA0032.jpg\"><img loading=\"lazy\" decoding=\"async\" width=\"150\" height=\"150\" data-id=\"158\" src=\"https:\/\/www.handballschule-rheinneckar.de\/wp-content\/uploads\/2022\/09\/IMG-20220911-WA0032-150x150.jpg\" alt=\"\" class=\"wp-image-158\"\/><\/a><\/figure>\n\n\n\n<figure class=\"wp-block-image size-thumbnail\"><a href=\"https:\/\/www.handballschule-rheinneckar.de\/wp-content\/uploads\/2022\/09\/IMG-20220911-WA0031.jpg\"><img loading=\"lazy\" decoding=\"async\" width=\"150\" height=\"150\" data-id=\"157\" src=\"https:\/\/www.handballschule-rheinneckar.de\/wp-content\/uploads\/2022\/09\/IMG-20220911-WA0031-150x150.jpg\" alt=\"\" class=\"wp-image-157\"\/><\/a><\/figure>\n\n\n\n<figure class=\"wp-block-image size-thumbnail\"><a href=\"https:\/\/www.handballschule-rheinneckar.de\/wp-content\/uploads\/2022\/09\/IMG-20220911-WA0030.jpg\"><img loading=\"lazy\" decoding=\"async\" width=\"150\" height=\"150\" data-id=\"156\" src=\"https:\/\/www.handballschule-rheinneckar.de\/wp-content\/uploads\/2022\/09\/IMG-20220911-WA0030-150x150.jpg\" alt=\"\" class=\"wp-image-156\"\/><\/a><\/figure>\n\n\n\n<figure class=\"wp-block-image size-thumbnail\"><a href=\"https:\/\/www.handballschule-rheinneckar.de\/wp-content\/uploads\/2022\/09\/IMG-20220911-WA0029.jpg\"><img loading=\"lazy\" decoding=\"async\" width=\"150\" height=\"150\" data-id=\"155\" src=\"https:\/\/www.handballschule-rheinneckar.de\/wp-content\/uploads\/2022\/09\/IMG-20220911-WA0029-150x150.jpg\" alt=\"\" class=\"wp-image-155\"\/><\/a><\/figure>\n\n\n\n<figure class=\"wp-block-image size-thumbnail\"><a href=\"https:\/\/www.handballschule-rheinneckar.de\/wp-content\/uploads\/2022\/09\/IMG-20220911-WA0028.jpg\"><img loading=\"lazy\" decoding=\"async\" width=\"150\" height=\"150\" data-id=\"154\" src=\"https:\/\/www.handballschule-rheinneckar.de\/wp-content\/uploads\/2022\/09\/IMG-20220911-WA0028-150x150.jpg\" alt=\"\" class=\"wp-image-154\"\/><\/a><\/figure>\n\n\n\n<figure class=\"wp-block-image size-thumbnail\"><a href=\"https:\/\/www.handballschule-rheinneckar.de\/wp-content\/uploads\/2022\/09\/IMG-20220911-WA0027.jpg\"><img loading=\"lazy\" decoding=\"async\" width=\"150\" height=\"150\" data-id=\"153\" src=\"https:\/\/www.handballschule-rheinneckar.de\/wp-content\/uploads\/2022\/09\/IMG-20220911-WA0027-150x150.jpg\" alt=\"\" class=\"wp-image-153\"\/><\/a><\/figure>\n\n\n\n<figure class=\"wp-block-image size-thumbnail\"><a href=\"https:\/\/www.handballschule-rheinneckar.de\/wp-content\/uploads\/2022\/09\/IMG-20220911-WA0026.jpg\"><img loading=\"lazy\" decoding=\"async\" width=\"150\" height=\"150\" data-id=\"152\" src=\"https:\/\/www.handballschule-rheinneckar.de\/wp-content\/uploads\/2022\/09\/IMG-20220911-WA0026-150x150.jpg\" alt=\"\" class=\"wp-image-152\"\/><\/a><\/figure>\n\n\n\n<figure class=\"wp-block-image size-thumbnail\"><a href=\"https:\/\/www.handballschule-rheinneckar.de\/wp-content\/uploads\/2022\/09\/IMG-20220911-WA0025.jpg\"><img loading=\"lazy\" decoding=\"async\" width=\"150\" height=\"150\" data-id=\"151\" src=\"https:\/\/www.handballschule-rheinneckar.de\/wp-content\/uploads\/2022\/09\/IMG-20220911-WA0025-150x150.jpg\" alt=\"\" class=\"wp-image-151\"\/><\/a><\/figure>\n\n\n\n<figure class=\"wp-block-image size-thumbnail\"><a href=\"https:\/\/www.handballschule-rheinneckar.de\/wp-content\/uploads\/2022\/09\/IMG-20220911-WA0024.jpg\"><img loading=\"lazy\" decoding=\"async\" width=\"150\" height=\"150\" data-id=\"150\" src=\"https:\/\/www.handballschule-rheinneckar.de\/wp-content\/uploads\/2022\/09\/IMG-20220911-WA0024-150x150.jpg\" alt=\"\" class=\"wp-image-150\"\/><\/a><\/figure>\n\n\n\n<figure class=\"wp-block-image size-thumbnail\"><a href=\"https:\/\/www.handballschule-rheinneckar.de\/wp-content\/uploads\/2022\/09\/IMG-20220911-WA0023.jpg\"><img loading=\"lazy\" decoding=\"async\" width=\"150\" height=\"150\" data-id=\"149\" src=\"https:\/\/www.handballschule-rheinneckar.de\/wp-content\/uploads\/2022\/09\/IMG-20220911-WA0023-150x150.jpg\" alt=\"\" class=\"wp-image-149\"\/><\/a><\/figure>\n\n\n\n<figure class=\"wp-block-image size-thumbnail\"><a href=\"https:\/\/www.handballschule-rheinneckar.de\/wp-content\/uploads\/2022\/09\/IMG-20220911-WA0022.jpg\"><img loading=\"lazy\" decoding=\"async\" width=\"150\" height=\"150\" data-id=\"148\" src=\"https:\/\/www.handballschule-rheinneckar.de\/wp-content\/uploads\/2022\/09\/IMG-20220911-WA0022-150x150.jpg\" alt=\"\" class=\"wp-image-148\"\/><\/a><\/figure>\n\n\n\n<figure class=\"wp-block-image size-thumbnail\"><a href=\"https:\/\/www.handballschule-rheinneckar.de\/wp-content\/uploads\/2022\/09\/IMG-20220911-WA0021.jpg\"><img loading=\"lazy\" decoding=\"async\" width=\"150\" height=\"150\" data-id=\"147\" src=\"https:\/\/www.handballschule-rheinneckar.de\/wp-content\/uploads\/2022\/09\/IMG-20220911-WA0021-150x150.jpg\" alt=\"\" class=\"wp-image-147\"\/><\/a><\/figure>\n\n\n\n<figure class=\"wp-block-image size-thumbnail\"><a href=\"https:\/\/www.handballschule-rheinneckar.de\/wp-content\/uploads\/2022\/09\/IMG-20220911-WA0020.jpg\"><img loading=\"lazy\" decoding=\"async\" width=\"150\" height=\"150\" data-id=\"146\" src=\"https:\/\/www.handballschule-rheinneckar.de\/wp-content\/uploads\/2022\/09\/IMG-20220911-WA0020-150x150.jpg\" alt=\"\" class=\"wp-image-146\"\/><\/a><\/figure>\n\n\n\n<figure class=\"wp-block-image size-thumbnail\"><a href=\"https:\/\/www.handballschule-rheinneckar.de\/wp-content\/uploads\/2022\/09\/IMG-20220911-WA0019.jpg\"><img loading=\"lazy\" decoding=\"async\" width=\"150\" height=\"150\" data-id=\"145\" src=\"https:\/\/www.handballschule-rheinneckar.de\/wp-content\/uploads\/2022\/09\/IMG-20220911-WA0019-150x150.jpg\" alt=\"\" class=\"wp-image-145\"\/><\/a><\/figure>\n\n\n\n<figure class=\"wp-block-image size-thumbnail\"><a href=\"https:\/\/www.handballschule-rheinneckar.de\/wp-content\/uploads\/2022\/09\/IMG-20220911-WA0018.jpg\"><img loading=\"lazy\" decoding=\"async\" width=\"150\" height=\"150\" data-id=\"144\" src=\"https:\/\/www.handballschule-rheinneckar.de\/wp-content\/uploads\/2022\/09\/IMG-20220911-WA0018-150x150.jpg\" alt=\"\" class=\"wp-image-144\"\/><\/a><\/figure>\n\n\n\n<figure class=\"wp-block-image size-thumbnail\"><a href=\"https:\/\/www.handballschule-rheinneckar.de\/wp-content\/uploads\/2022\/09\/IMG-20220911-WA0017.jpg\"><img loading=\"lazy\" decoding=\"async\" width=\"150\" height=\"150\" data-id=\"143\" src=\"https:\/\/www.handballschule-rheinneckar.de\/wp-content\/uploads\/2022\/09\/IMG-20220911-WA0017-150x150.jpg\" alt=\"\" class=\"wp-image-143\"\/><\/a><\/figure>\n\n\n\n<figure class=\"wp-block-image size-thumbnail\"><a href=\"https:\/\/www.handballschule-rheinneckar.de\/wp-content\/uploads\/2022\/09\/IMG-20220911-WA0007.jpg\"><img loading=\"lazy\" decoding=\"async\" width=\"150\" height=\"150\" data-id=\"141\" src=\"https:\/\/www.handballschule-rheinneckar.de\/wp-content\/uploads\/2022\/09\/IMG-20220911-WA0007-150x150.jpg\" alt=\"\" class=\"wp-image-141\"\/><\/a><\/figure>\n\n\n\n<figure class=\"wp-block-image size-thumbnail\"><a href=\"https:\/\/www.handballschule-rheinneckar.de\/wp-content\/uploads\/2022\/09\/IMG-20220911-WA0003.jpg\"><img loading=\"lazy\" decoding=\"async\" width=\"150\" height=\"150\" data-id=\"139\" src=\"https:\/\/www.handballschule-rheinneckar.de\/wp-content\/uploads\/2022\/09\/IMG-20220911-WA0003-150x150.jpg\" alt=\"\" class=\"wp-image-139\"\/><\/a><\/figure>\n\n\n\n<figure class=\"wp-block-image size-thumbnail\"><a href=\"https:\/\/www.handballschule-rheinneckar.de\/wp-content\/uploads\/2022\/09\/IMG-20220911-WA0002.jpg\"><img loading=\"lazy\" decoding=\"async\" width=\"150\" height=\"150\" data-id=\"138\" src=\"https:\/\/www.handballschule-rheinneckar.de\/wp-content\/uploads\/2022\/09\/IMG-20220911-WA0002-150x150.jpg\" alt=\"\" class=\"wp-image-138\"\/><\/a><\/figure>\n\n\n\n<figure class=\"wp-block-image size-thumbnail\"><a href=\"https:\/\/www.handballschule-rheinneckar.de\/wp-content\/uploads\/2022\/09\/IMG-20220911-WA0001.jpg\"><img loading=\"lazy\" decoding=\"async\" width=\"150\" height=\"150\" data-id=\"137\" src=\"https:\/\/www.handballschule-rheinneckar.de\/wp-content\/uploads\/2022\/09\/IMG-20220911-WA0001-150x150.jpg\" alt=\"\" class=\"wp-image-137\"\/><\/a><\/figure>\n\n\n\n<figure class=\"wp-block-image size-thumbnail\"><a href=\"https:\/\/www.handballschule-rheinneckar.de\/wp-content\/uploads\/2022\/09\/IMG-20220911-WA0006.jpg\"><img loading=\"lazy\" decoding=\"async\" width=\"150\" height=\"150\" data-id=\"140\" src=\"https:\/\/www.handballschule-rheinneckar.de\/wp-content\/uploads\/2022\/09\/IMG-20220911-WA0006-150x150.jpg\" alt=\"\" class=\"wp-image-140\"\/><\/a><\/figure>\n\n\n\n<figure class=\"wp-block-image size-thumbnail\"><a href=\"https:\/\/www.handballschule-rheinneckar.de\/wp-content\/uploads\/2022\/09\/IMG-20220911-WA0008.jpg\"><img loading=\"lazy\" decoding=\"async\" width=\"150\" height=\"150\" data-id=\"142\" src=\"https:\/\/www.handballschule-rheinneckar.de\/wp-content\/uploads\/2022\/09\/IMG-20220911-WA0008-150x150.jpg\" alt=\"\" class=\"wp-image-142\"\/><\/a><\/figure>\n<\/figure>\n<\/div><\/div>\n\n\n\n<div class=\"wp-block-group\"><div class=\"wp-block-group__inner-container is-layout-flow wp-block-group-is-layout-flow\"><\/div><\/div>\n","protected":false},"excerpt":{"rendered":"<p>Am Sonntag, den 11. September 2022 waren Handballschule-RN-Trainerin Laura Pavic und Initiator Steffen Piffkowski zu Gast bei den D-M\u00e4dels in Heddesheim. In der 1. Einheit &nbsp;von 10-12 Uhr lag unser Fokus auf der technische Ausbildung. Der Wurfarm und die T\u00e4uschungen zur und gegen die Hand sowie das Abdrehen wurde von den M\u00e4dels schnell und sehr [&hellip;]<\/p>\n","protected":false},"author":1,"featured_media":160,"parent":0,"menu_order":0,"comment_status":"closed","ping_status":"closed","template":"","meta":{"_crdt_document":"","footnotes":""},"class_list":["post-134","page","type-page","status-publish","has-post-thumbnail","hentry"],"_links":{"self":[{"href":"https:\/\/www.handballschule-rheinneckar.de\/index.php?rest_route=\/wp\/v2\/pages\/134","targetHints":{"allow":["GET"]}}],"collection":[{"href":"https:\/\/www.handballschule-rheinneckar.de\/index.php?rest_route=\/wp\/v2\/pages"}],"about":[{"href":"https:\/\/www.handballschule-rheinneckar.de\/index.php?rest_route=\/wp\/v2\/types\/page"}],"author":[{"embeddable":true,"href":"https:\/\/www.handballschule-rheinneckar.de\/index.php?rest_route=\/wp\/v2\/users\/1"}],"replies":[{"embeddable":true,"href":"https:\/\/www.handballschule-rheinneckar.de\/index.php?rest_route=%2Fwp%2Fv2%2Fcomments&post=134"}],"version-history":[{"count":7,"href":"https:\/\/www.handballschule-rheinneckar.de\/index.php?rest_route=\/wp\/v2\/pages\/134\/revisions"}],"predecessor-version":[{"id":172,"href":"https:\/\/www.handballschule-rheinneckar.de\/index.php?rest_route=\/wp\/v2\/pages\/134\/revisions\/172"}],"wp:featuredmedia":[{"embeddable":true,"href":"https:\/\/www.handballschule-rheinneckar.de\/index.php?rest_route=\/wp\/v2\/media\/160"}],"wp:attachment":[{"href":"https:\/\/www.handballschule-rheinneckar.de\/index.php?rest_route=%2Fwp%2Fv2%2Fmedia&parent=134"}],"curies":[{"name":"wp","href":"https:\/\/api.w.org\/{rel}","templated":true}]}}