{"id":116,"date":"2020-03-22T10:48:35","date_gmt":"2020-03-22T09:48:35","guid":{"rendered":"http:\/\/www.handballschule-rheinneckar.de\/?page_id=116"},"modified":"2020-03-22T10:48:35","modified_gmt":"2020-03-22T09:48:35","slug":"datenschutz","status":"publish","type":"page","link":"https:\/\/www.handballschule-rheinneckar.de\/?page_id=116","title":{"rendered":"Datenschutz"},"content":{"rendered":"\n<h5 class=\"wp-block-heading\">1.\nDatenschutz auf einen Blick<\/h5>\n\n\n\n<h5 class=\"wp-block-heading\">Allgemeine\nHinweise<\/h5>\n\n\n\n<p class=\"wp-block-paragraph\">Die folgenden\nHinweise geben einen einfachen \u00dcberblick dar\u00fcber, was mit Ihren\npersonenbezogenen Daten passiert, wenn Sie unsere Website besuchen.\nPersonenbezogene Daten sind alle Daten, mit denen Sie pers\u00f6nlich\nidentifiziert werden k\u00f6nnen. Ausf\u00fchrliche Informationen zum Thema\nDatenschutz entnehmen Sie unserer unter diesem Text aufgef\u00fchrten\nDatenschutzerkl\u00e4rung.<\/p>\n\n\n\n<h5 class=\"wp-block-heading\">Datenerfassung\nauf unserer Website<\/h5>\n\n\n\n<h5 class=\"wp-block-heading\">Wer\nist verantwortlich f\u00fcr die Datenerfassung auf dieser Website?<\/h5>\n\n\n\n<p class=\"wp-block-paragraph\">Die\nDatenverarbeitung auf dieser Website erfolgt durch den\nWebsitebetreiber. Dessen Kontaktdaten k\u00f6nnen Sie dem <a href=\"https:\/\/handball.tus-zwingenberg.de\/impressum\/\">Impressum<\/a>\ndieser Website entnehmen.<\/p>\n\n\n\n<h5 class=\"wp-block-heading\">Wie\nerfassen wir Ihre Daten?<\/h5>\n\n\n\n<p class=\"wp-block-paragraph\">Ihre Daten werden\nzum Einen dadurch erhoben, dass Sie uns diese mitteilen. Hierbei kann\nes sich z.B. um Daten handeln, die Sie in ein Kontaktformular\neingeben. Andere Daten werden automatisch beim Besuch der Website\ndurch unsere IT-Systeme erfasst. Das sind vor allem technische Daten\n(z.B. Internetbrowser, Betriebssystem oder Uhrzeit des\nSeitenaufrufs). Die Erfassung dieser Daten erfolgt automatisch,\nsobald Sie unsere Website betreten.<\/p>\n\n\n\n<h5 class=\"wp-block-heading\">Wof\u00fcr\nnutzen wir Ihre Daten?<\/h5>\n\n\n\n<p class=\"wp-block-paragraph\">Ein Teil der Daten\nwird erhoben, um eine fehlerfreie Bereitstellung der Website zu\ngew\u00e4hrleisten. Andere Daten k\u00f6nnen zur Analyse Ihres\nNutzerverhaltens verwendet werden.<\/p>\n\n\n\n<h5 class=\"wp-block-heading\">Welche\nRechte haben Sie bez\u00fcglich Ihrer Daten?<\/h5>\n\n\n\n<p class=\"wp-block-paragraph\">Sie haben jederzeit\ndas Recht unentgeltlich Auskunft \u00fcber Herkunft, Empf\u00e4nger und Zweck\nIhrer gespeicherten personenbezogenen Daten zu erhalten. Sie haben\nau\u00dferdem ein Recht, die Berichtigung, Sperrung oder L\u00f6schung dieser\nDaten zu verlangen. Hierzu sowie zu weiteren Fragen zum Thema\nDatenschutz k\u00f6nnen Sie sich jederzeit unter der im Impressum\nangegebenen Adresse an uns wenden. Des Weiteren steht Ihnen ein\nBeschwerderecht bei der zust\u00e4ndigen Aufsichtsbeh\u00f6rde zu.<\/p>\n\n\n\n<h5 class=\"wp-block-heading\">Analyse-Tools\nund Tools von Drittanbietern<\/h5>\n\n\n\n<p class=\"wp-block-paragraph\">Beim Besuch unserer\nWebsite kann Ihr Surf-Verhalten statistisch ausgewertet werden. Das\ngeschieht vor allem mit Cookies und mit sogenannten\nAnalyseprogrammen. Die Analyse Ihres Surf-Verhaltens erfolgt in der\nRegel anonym; das Surf-Verhalten kann nicht zu Ihnen zur\u00fcckverfolgt\nwerden. Sie k\u00f6nnen dieser Analyse widersprechen oder sie durch die\nNichtbenutzung bestimmter Tools verhindern. Detaillierte\nInformationen dazu finden Sie in der folgenden Datenschutzerkl\u00e4rung.<\/p>\n\n\n\n<p class=\"wp-block-paragraph\">Sie k\u00f6nnen dieser\nAnalyse widersprechen. \u00dcber die Widerspruchsm\u00f6glichkeiten werden\nwir Sie in dieser Datenschutzerkl\u00e4rung informieren.<\/p>\n\n\n\n<h5 class=\"wp-block-heading\">2.\nAllgemeine Hinweise und Pflichtinformationen<\/h5>\n\n\n\n<h5 class=\"wp-block-heading\">Datenschutz<\/h5>\n\n\n\n<p class=\"wp-block-paragraph\">Die Betreiber dieser\nSeiten nehmen den Schutz Ihrer pers\u00f6nlichen Daten sehr ernst. Wir\nbehandeln Ihre personenbezogenen Daten vertraulich und entsprechend\nder gesetzlichen Datenschutzvorschriften sowie dieser\nDatenschutzerkl\u00e4rung.<\/p>\n\n\n\n<p class=\"wp-block-paragraph\">Wenn Sie diese\nWebsite benutzen, werden verschiedene personenbezogene Daten erhoben.\nPersonenbezogene Daten sind Daten, mit denen Sie pers\u00f6nlich\nidentifiziert werden k\u00f6nnen. Die vorliegende Datenschutzerkl\u00e4rung\nerl\u00e4utert, welche Daten wir erheben und wof\u00fcr wir sie nutzen. Sie\nerl\u00e4utert auch, wie und zu welchem Zweck das geschieht.<\/p>\n\n\n\n<p class=\"wp-block-paragraph\">Wir weisen darauf\nhin, dass die Daten\u00fcbertragung im Internet (z.B. bei der\nKommunikation per E-Mail) Sicherheitsl\u00fccken aufweisen kann. Ein\nl\u00fcckenloser Schutz der Daten vor dem Zugriff durch Dritte ist nicht\nm\u00f6glich.<\/p>\n\n\n\n<h5 class=\"wp-block-heading\">Hinweis\nzur verantwortlichen Stelle<\/h5>\n\n\n\n<p class=\"wp-block-paragraph\">Die verantwortliche\nStelle f\u00fcr die Datenverarbeitung auf dieser Website ist:<\/p>\n\n\n\n<p class=\"wp-block-paragraph\">Daniel\nBrendle<\/p>\n\n\n\n<p class=\"wp-block-paragraph\">Wilhelm-Euler-Str.\n15<br>64625 Bensheim<\/p>\n\n\n\n<p class=\"wp-block-paragraph\">E-Mail:\ninfo(at)kopfleger.de<\/p>\n\n\n\n<p class=\"wp-block-paragraph\">Verantwortliche\nStelle ist die nat\u00fcrliche oder juristische Person, die allein oder\ngemeinsam mit anderen \u00fcber die Zwecke und Mittel der Verarbeitung\nvon personenbezogenen Daten (z.B. Namen, E-Mail-Adressen o. \u00c4.)\nentscheidet.<\/p>\n\n\n\n<h5 class=\"wp-block-heading\">Widerruf\nIhrer Einwilligung zur Datenverarbeitung<\/h5>\n\n\n\n<p class=\"wp-block-paragraph\">Viele\nDatenverarbeitungsvorg\u00e4nge sind nur mit Ihrer ausdr\u00fccklichen\nEinwilligung m\u00f6glich. Sie k\u00f6nnen eine bereits erteilte Einwilligung\njederzeit widerrufen. Dazu reicht eine formlose Mitteilung per E-Mail\nan uns. Die Rechtm\u00e4\u00dfigkeit der bis zum Widerruf erfolgten\nDatenverarbeitung bleibt vom Widerruf unber\u00fchrt.<\/p>\n\n\n\n<h5 class=\"wp-block-heading\">Beschwerderecht\nbei der zust\u00e4ndigen Aufsichtsbeh\u00f6rde<\/h5>\n\n\n\n<p class=\"wp-block-paragraph\">Im Falle\ndatenschutzrechtlicher Verst\u00f6\u00dfe steht dem Betroffenen ein\nBeschwerderecht bei der zust\u00e4ndigen Aufsichtsbeh\u00f6rde zu. Zust\u00e4ndige\nAufsichtsbeh\u00f6rde in datenschutzrechtlichen Fragen ist der\nLandesdatenschutzbeauftragte des Bundeslandes, in dem unser\nUnternehmen seinen Sitz hat. Eine Liste der Datenschutzbeauftragten\nsowie deren Kontaktdaten k\u00f6nnen folgendem Link entnommen\nwerden:&nbsp;<a href=\"https:\/\/www.bfdi.bund.de\/DE\/Infothek\/Anschriften_Links\/anschriften_links-node.html\" target=\"_blank\" rel=\"noreferrer noopener\">https:\/\/www.bfdi.bund.de\/DE\/Infothek\/Anschriften_Links\/anschriften_links-node.html<\/a>.<\/p>\n\n\n\n<h5 class=\"wp-block-heading\">Recht\nauf Daten\u00fcbertragbarkeit<\/h5>\n\n\n\n<p class=\"wp-block-paragraph\">Sie haben das Recht,\nDaten, die wir auf Grundlage Ihrer Einwilligung oder in Erf\u00fcllung\neines Vertrags automatisiert verarbeiten, an sich oder an einen\nDritten in einem g\u00e4ngigen, maschinenlesbaren Format aush\u00e4ndigen zu\nlassen. Sofern Sie die direkte \u00dcbertragung der Daten an einen\nanderen Verantwortlichen verlangen, erfolgt dies nur, soweit es\ntechnisch machbar ist.<\/p>\n\n\n\n<h5 class=\"wp-block-heading\">SSL-\nbzw. TLS-Verschl\u00fcsselung<\/h5>\n\n\n\n<p class=\"wp-block-paragraph\">Diese Seite nutzt\naus Sicherheitsgr\u00fcnden und zum Schutz der \u00dcbertragung vertraulicher\nInhalte, wie zum Beispiel Bestellungen oder Anfragen, die Sie an uns\nals Seitenbetreiber senden, eine SSL-bzw. TLS-Verschl\u00fcsselung. Eine\nverschl\u00fcsselte Verbindung erkennen Sie daran, dass die Adresszeile\ndes Browsers von \u201chttp:\/\/\u201d auf \u201chttps:\/\/\u201d wechselt und an dem\nSchloss-Symbol in Ihrer Browserzeile. Wenn die SSL- bzw.\nTLS-Verschl\u00fcsselung aktiviert ist, k\u00f6nnen die Daten, die Sie an uns\n\u00fcbermitteln, nicht von Dritten mitgelesen werden.<\/p>\n\n\n\n<h5 class=\"wp-block-heading\">Auskunft,\nSperrung, L\u00f6schung<\/h5>\n\n\n\n<p class=\"wp-block-paragraph\">Sie haben im Rahmen\nder geltenden gesetzlichen Bestimmungen jederzeit das Recht auf\nunentgeltliche Auskunft \u00fcber Ihre gespeicherten personenbezogenen\nDaten, deren Herkunft und Empf\u00e4nger und den Zweck der\nDatenverarbeitung und ggf. ein Recht auf Berichtigung, Sperrung oder\nL\u00f6schung dieser Daten. Hierzu sowie zu weiteren Fragen zum Thema\npersonenbezogene Daten k\u00f6nnen Sie sich jederzeit unter der im\nImpressum angegebenen Adresse an uns wenden.<\/p>\n\n\n\n<h5 class=\"wp-block-heading\">Widerspruch\ngegen Werbe-Mails<\/h5>\n\n\n\n<p class=\"wp-block-paragraph\">Der Nutzung von im\nRahmen der Impressumspflicht ver\u00f6ffentlichten Kontaktdaten zur\n\u00dcbersendung von nicht ausdr\u00fccklich angeforderter Werbung und\nInformationsmaterialien wird hiermit widersprochen. Die Betreiber der\nSeiten behalten sich ausdr\u00fccklich rechtliche Schritte im Falle der\nunverlangten Zusendung von Werbeinformationen, etwa durch\nSpam-E-Mails, vor.<\/p>\n\n\n\n<h5 class=\"wp-block-heading\">3.\nDatenerfassung auf unserer Website<\/h5>\n\n\n\n<h5 class=\"wp-block-heading\">Cookies<\/h5>\n\n\n\n<p class=\"wp-block-paragraph\">Die Internetseiten\nverwenden teilweise so genannte Cookies. Cookies richten auf Ihrem\nRechner keinen Schaden an und enthalten keine Viren. Cookies dienen\ndazu, unser Angebot nutzerfreundlicher, effektiver und sicherer zu\nmachen. Cookies sind kleine Textdateien, die auf Ihrem Rechner\nabgelegt werden und die Ihr Browser speichert.<\/p>\n\n\n\n<p class=\"wp-block-paragraph\">Die meisten der von\nuns verwendeten Cookies sind so genannte \u201cSession-Cookies\u201d. Sie\nwerden nach Ende Ihres Besuchs automatisch gel\u00f6scht. Andere Cookies\nbleiben auf Ihrem Endger\u00e4t gespeichert bis Sie diese l\u00f6schen. Diese\nCookies erm\u00f6glichen es uns, Ihren Browser beim n\u00e4chsten Besuch\nwiederzuerkennen.<\/p>\n\n\n\n<p class=\"wp-block-paragraph\">Sie k\u00f6nnen Ihren\nBrowser so einstellen, dass Sie \u00fcber das Setzen von Cookies\ninformiert werden und Cookies nur im Einzelfall erlauben, die Annahme\nvon Cookies f\u00fcr bestimmte F\u00e4lle oder generell ausschlie\u00dfen sowie\ndas automatische L\u00f6schen der Cookies beim Schlie\u00dfen des Browser\naktivieren. Bei der Deaktivierung von Cookies kann die Funktionalit\u00e4t\ndieser Website eingeschr\u00e4nkt sein.<\/p>\n\n\n\n<p class=\"wp-block-paragraph\">Cookies, die zur\nDurchf\u00fchrung des elektronischen Kommunikationsvorgangs oder zur\nBereitstellung bestimmter, von Ihnen erw\u00fcnschter Funktionen (z.B.\nWarenkorbfunktion) erforderlich sind, werden auf Grundlage von Art. 6\nAbs. 1 lit. f DSGVO gespeichert. Der Websitebetreiber hat ein\nberechtigtes Interesse an der Speicherung von Cookies zur technisch\nfehlerfreien und optimierten Bereitstellung seiner Dienste. Soweit\nandere Cookies (z.B. Cookies zur Analyse Ihres Surfverhaltens)\ngespeichert werden, werden diese in dieser Datenschutzerkl\u00e4rung\ngesondert behandelt.<\/p>\n\n\n\n<p class=\"wp-block-paragraph\">Wenn du einen\nKommentar auf unserer Website schreibst, kann das eine Einwilligung\nsein, deinen Namen, E-Mail-Adresse und Website in Cookies zu\nspeichern. Dies ist eine Komfortfunktion, damit du nicht, wenn du\neinen weiteren Kommentar schreibst, all diese Daten erneut eingeben\nmusst. Diese Cookies werden ein Jahr lang gespeichert.<\/p>\n\n\n\n<p class=\"wp-block-paragraph\">Falls du ein Konto\nhast und dich auf dieser Website anmeldest, werden wir ein tempor\u00e4res\nCookie setzen, um festzustellen, ob dein Browser Cookies akzeptiert.\nDieses Cookie enth\u00e4lt keine personenbezogenen Daten und wird\nverworfen, wenn du deinen Browser schlie\u00dft.<\/p>\n\n\n\n<p class=\"wp-block-paragraph\">Wenn du dich\nanmeldest, werden wir einige Cookies einrichten, um deine\nAnmeldeinformationen und Anzeigeoptionen zu speichern.\nAnmelde-Cookies verfallen nach zwei Tagen und Cookies f\u00fcr die\nAnzeigeoptionen nach einem Jahr. Falls du bei der Anmeldung\n\u201eAngemeldet bleiben\u201c ausw\u00e4hlst, wird deine Anmeldung zwei Wochen\nlang aufrechterhalten. Mit der Abmeldung aus deinem Konto werden die\nAnmelde-Cookies gel\u00f6scht.<\/p>\n\n\n\n<p class=\"wp-block-paragraph\">Wenn du einen\nArtikel bearbeitest oder ver\u00f6ffentlichst, wird ein zus\u00e4tzlicher\nCookie in deinem Browser gespeichert. Dieser Cookie enth\u00e4lt keine\npersonenbezogenen Daten und verweist nur auf die Beitrags-ID des\nArtikels, den du gerade bearbeitet hast. Der Cookie verf\u00e4llt nach\neinem Tag.<\/p>\n\n\n\n<h5 class=\"wp-block-heading\">Server-Log-Dateien<\/h5>\n\n\n\n<p class=\"wp-block-paragraph\">Der Provider der\nSeiten erhebt und speichert automatisch Informationen in so genannten\nServer-Log-Dateien, die Ihr Browser automatisch an uns \u00fcbermittelt.\nDies sind:<\/p>\n\n\n\n<ul class=\"wp-block-list\"><li>Browsertyp\n\tund Browserversion \n\t\n\t<\/li><li>verwendetes\n\tBetriebssystem \n\t\n\t<\/li><li>Referrer\n\tURL \n\t\n\t<\/li><li>Hostname\n\tdes zugreifenden Rechners \n\t\n\t<\/li><li>Uhrzeit\n\tder Serveranfrage \n\t\n\t<\/li><li>IP-Adresse \n\t\n<\/li><\/ul>\n\n\n\n<p class=\"wp-block-paragraph\">Eine Zusammenf\u00fchrung\ndieser Daten mit anderen Datenquellen wird nicht vorgenommen.<\/p>\n\n\n\n<p class=\"wp-block-paragraph\">Grundlage f\u00fcr die\nDatenverarbeitung ist Art. 6 Abs. 1 lit. f DSGVO, der die\nVerarbeitung von Daten zur Erf\u00fcllung eines Vertrags oder\nvorvertraglicher Ma\u00dfnahmen gestattet.<\/p>\n\n\n\n<h5 class=\"wp-block-heading\">Kontaktformular<\/h5>\n\n\n\n<p class=\"wp-block-paragraph\">Wenn Sie uns per\nKontaktformular Anfragen zukommen lassen, werden Ihre Angaben aus dem\nAnfrageformular inklusive der von Ihnen dort angegebenen Kontaktdaten\nzwecks Bearbeitung der Anfrage und f\u00fcr den Fall von Anschlussfragen\nbei uns gespeichert. Diese Daten geben wir nicht ohne Ihre\nEinwilligung weiter.<\/p>\n\n\n\n<p class=\"wp-block-paragraph\">Die Verarbeitung der\nin das Kontaktformular eingegebenen Daten erfolgt somit\nausschlie\u00dflich auf Grundlage Ihrer Einwilligung (Art. 6 Abs. 1 lit.\na DSGVO). Sie k\u00f6nnen diese Einwilligung jederzeit widerrufen. Dazu\nreicht eine formlose Mitteilung per E-Mail an uns. Die Rechtm\u00e4\u00dfigkeit\nder bis zum Widerruf erfolgten Datenverarbeitungsvorg\u00e4nge bleibt vom\nWiderruf unber\u00fchrt.<\/p>\n\n\n\n<p class=\"wp-block-paragraph\">Die von Ihnen im\nKontaktformular eingegebenen Daten verbleiben bei uns, bis Sie uns\nzur L\u00f6schung auffordern, Ihre Einwilligung zur Speicherung\nwiderrufen oder der Zweck f\u00fcr die Datenspeicherung entf\u00e4llt (z.B.\nnach abgeschlossener Bearbeitung Ihrer Anfrage). Zwingende\ngesetzliche Bestimmungen \u2013 insbesondere Aufbewahrungsfristen \u2013\nbleiben unber\u00fchrt.<\/p>\n\n\n\n<h5 class=\"wp-block-heading\">4.\nAnalyse Tools und Werbung<\/h5>\n\n\n\n<h5 class=\"wp-block-heading\">Strato<\/h5>\n\n\n\n<p class=\"wp-block-paragraph\">Unser web-Anbieter\nStrato ein Tool zur statistischen Auswertung der Besucherzugriffe. Es\nverwendet sog. \u201eCookies\u201c, Textdateien, die auf Ihrem Computer\ngespeichert werden und die eine Analyse der Benutzung der Website\ndurch Sie erm\u00f6glichen. Die durch den Cookie erzeugten Informationen\n\u00fcber Ihre Benutzung dieses Internetangebotes werden auf diesem\nServer gespeichert. Die IP-Adresse wird sofort nach der Verarbeitung\nund vor deren Speicherung anonymisiert. Sie k\u00f6nnen die Installation\nder Cookies durch eine entsprechende Einstellung Ihrer Browser\nSoftware verhindern; wir weisen Sie jedoch darauf hin, dass Sie in\ndiesem Fall gegebenenfalls nicht s\u00e4mtliche Funktionen dieser Website\nvollumf\u00e4nglich nutzen k\u00f6nnen.<\/p>\n\n\n\n<h5 class=\"wp-block-heading\">Google\nreCAPTCHA<\/h5>\n\n\n\n<p class=\"wp-block-paragraph\">Wir nutzen \u201cGoogle\nreCAPTCHA\u201d (im Folgenden \u201creCAPTCHA\u201d) auf unseren Websites.\nAnbieter ist die Google Inc., 1600 Amphitheatre Parkway, Mountain\nView, CA 94043, USA (\u201cGoogle\u201d).<\/p>\n\n\n\n<p class=\"wp-block-paragraph\">Mit reCAPTCHA soll\n\u00fcberpr\u00fcft werden, ob die Dateneingabe auf unseren Websites (z.B. in\neinem Kontaktformular) durch einen Menschen oder durch ein\nautomatisiertes Programm erfolgt. Hierzu analysiert reCAPTCHA das\nVerhalten des Websitebesuchers anhand verschiedener Merkmale. Diese\nAnalyse beginnt automatisch, sobald der Websitebesucher die Website\nbetritt. Zur Analyse wertet reCAPTCHA verschiedene Informationen aus\n(z.B. IP-Adresse, Verweildauer des Websitebesuchers auf der Website\noder vom Nutzer get\u00e4tigte Mausbewegungen). Die bei der Analyse\nerfassten Daten werden an Google weitergeleitet.<\/p>\n\n\n\n<p class=\"wp-block-paragraph\">Die\nreCAPTCHA-Analysen laufen vollst\u00e4ndig im Hintergrund.\nWebsitebesucher werden nicht darauf hingewiesen, dass eine Analyse\nstattfindet.<\/p>\n\n\n\n<p class=\"wp-block-paragraph\">Die\nDatenverarbeitung erfolgt auf Grundlage von Art. 6 Abs. 1 lit. f\nDSGVO. Der Websitebetreiber hat ein berechtigtes Interesse daran,\nseine Webangebote vor missbr\u00e4uchlicher automatisierter Aussp\u00e4hung\nund vor SPAM zu sch\u00fctzen.<\/p>\n\n\n\n<p class=\"wp-block-paragraph\">Weitere\nInformationen zu Google reCAPTCHA sowie die Datenschutzerkl\u00e4rung von\nGoogle entnehmen Sie folgenden\nLinks:&nbsp;<a href=\"https:\/\/www.google.com\/intl\/de\/policies\/privacy\/\" target=\"_blank\" rel=\"noreferrer noopener\">https:\/\/www.google.com\/intl\/de\/policies\/privacy\/<\/a>&nbsp;und&nbsp;<a href=\"https:\/\/www.google.com\/recaptcha\/intro\/android.html\" target=\"_blank\" rel=\"noreferrer noopener\">https:\/\/www.google.com\/recaptcha\/intro\/android.html<\/a>.<\/p>\n\n\n\n<h5 class=\"wp-block-heading\">6.\nPlugins und Tools<\/h5>\n\n\n\n<h5 class=\"wp-block-heading\">YouTube<\/h5>\n\n\n\n<p class=\"wp-block-paragraph\">Unsere Website nutzt\nPlugins der von Google betriebenen Seite YouTube. Betreiber der\nSeiten ist die YouTube, LLC, 901 Cherry Ave., San Bruno, CA 94066,\nUSA.<\/p>\n\n\n\n<p class=\"wp-block-paragraph\">Wenn Sie eine\nunserer mit einem YouTube-Plugin ausgestatteten Seiten besuchen, wird\neine Verbindung zu den Servern von YouTube hergestellt. Dabei wird\ndem YouTube-Server mitgeteilt, welche unserer Seiten Sie besucht\nhaben.<\/p>\n\n\n\n<p class=\"wp-block-paragraph\">Wenn Sie in Ihrem\nYouTube-Account eingeloggt sind, erm\u00f6glichen Sie YouTube, Ihr\nSurfverhalten direkt Ihrem pers\u00f6nlichen Profil zuzuordnen. Dies\nk\u00f6nnen Sie verhindern, indem Sie sich aus Ihrem YouTube-Account\nausloggen.<\/p>\n\n\n\n<p class=\"wp-block-paragraph\">Die Nutzung von\nYouTube erfolgt im Interesse einer ansprechenden Darstellung unserer\nOnline-Angebote. Dies stellt ein berechtigtes Interesse im Sinne von\nArt. 6 Abs. 1 lit. f DSGVO dar.<\/p>\n\n\n\n<p class=\"wp-block-paragraph\">Weitere\nInformationen zum Umgang mit Nutzerdaten finden Sie in der\nDatenschutzerkl\u00e4rung von YouTube\nunter:&nbsp;<a href=\"https:\/\/www.google.de\/intl\/de\/policies\/privacy\" target=\"_blank\" rel=\"noreferrer noopener\">https:\/\/www.google.de\/intl\/de\/policies\/privacy<\/a>.<\/p>\n\n\n\n<h5 class=\"wp-block-heading\">Google\nMaps<\/h5>\n\n\n\n<p class=\"wp-block-paragraph\">Diese Seite nutzt\n\u00fcber eine API den Kartendienst Google Maps. Anbieter ist die Google\nInc., 1600 Amphitheatre Parkway, Mountain View, CA 94043, USA.<\/p>\n\n\n\n<p class=\"wp-block-paragraph\">Zur Nutzung der\nFunktionen von Google Maps ist es notwendig, Ihre IP Adresse zu\nspeichern. Diese Informationen werden in der Regel an einen Server\nvon Google in den USA \u00fcbertragen und dort gespeichert. Der Anbieter\ndieser Seite hat keinen Einfluss auf diese Daten\u00fcbertragung.<\/p>\n\n\n\n<p class=\"wp-block-paragraph\">Die Nutzung von\nGoogle Maps erfolgt im Interesse einer ansprechenden Darstellung\nunserer Online-Angebote und an einer leichten Auffindbarkeit der von\nuns auf der Website angegebenen Orte. Dies stellt ein berechtigtes\nInteresse im Sinne von Art. 6 Abs. 1 lit. f DSGVO dar.<\/p>\n\n\n\n<p class=\"wp-block-paragraph\">Mehr Informationen\nzum Umgang mit Nutzerdaten finden Sie in der Datenschutzerkl\u00e4rung\nvon Google:&nbsp;<a href=\"https:\/\/www.google.de\/intl\/de\/policies\/privacy\/\" target=\"_blank\" rel=\"noreferrer noopener\">https:\/\/www.google.de\/intl\/de\/policies\/privacy\/<\/a>.<\/p>\n","protected":false},"excerpt":{"rendered":"<p>1. Datenschutz auf einen Blick Allgemeine Hinweise Die folgenden Hinweise geben einen einfachen \u00dcberblick dar\u00fcber, was mit Ihren personenbezogenen Daten passiert, wenn Sie unsere Website besuchen. Personenbezogene Daten sind alle Daten, mit denen Sie pers\u00f6nlich identifiziert werden k\u00f6nnen. Ausf\u00fchrliche Informationen zum Thema Datenschutz entnehmen Sie unserer unter diesem Text aufgef\u00fchrten Datenschutzerkl\u00e4rung. Datenerfassung auf unserer Website [&hellip;]<\/p>\n","protected":false},"author":1,"featured_media":0,"parent":0,"menu_order":0,"comment_status":"closed","ping_status":"closed","template":"","meta":{"_crdt_document":"","footnotes":""},"class_list":["post-116","page","type-page","status-publish","hentry"],"_links":{"self":[{"href":"https:\/\/www.handballschule-rheinneckar.de\/index.php?rest_route=\/wp\/v2\/pages\/116","targetHints":{"allow":["GET"]}}],"collection":[{"href":"https:\/\/www.handballschule-rheinneckar.de\/index.php?rest_route=\/wp\/v2\/pages"}],"about":[{"href":"https:\/\/www.handballschule-rheinneckar.de\/index.php?rest_route=\/wp\/v2\/types\/page"}],"author":[{"embeddable":true,"href":"https:\/\/www.handballschule-rheinneckar.de\/index.php?rest_route=\/wp\/v2\/users\/1"}],"replies":[{"embeddable":true,"href":"https:\/\/www.handballschule-rheinneckar.de\/index.php?rest_route=%2Fwp%2Fv2%2Fcomments&post=116"}],"version-history":[{"count":1,"href":"https:\/\/www.handballschule-rheinneckar.de\/index.php?rest_route=\/wp\/v2\/pages\/116\/revisions"}],"predecessor-version":[{"id":117,"href":"https:\/\/www.handballschule-rheinneckar.de\/index.php?rest_route=\/wp\/v2\/pages\/116\/revisions\/117"}],"wp:attachment":[{"href":"https:\/\/www.handballschule-rheinneckar.de\/index.php?rest_route=%2Fwp%2Fv2%2Fmedia&parent=116"}],"curies":[{"name":"wp","href":"https:\/\/api.w.org\/{rel}","templated":true}]}}