{"id":11,"date":"2019-06-17T19:30:04","date_gmt":"2019-06-17T17:30:04","guid":{"rendered":"http:\/\/www.handballschule-rheinneckar.de\/?page_id=11"},"modified":"2022-03-29T20:36:51","modified_gmt":"2022-03-29T18:36:51","slug":"startseite","status":"publish","type":"page","link":"https:\/\/www.handballschule-rheinneckar.de\/","title":{"rendered":"Handballschule Rhein-Neckar"},"content":{"rendered":"<p>Die Handballschule Rhein-Neckar unterst\u00fctzt euch rund um den Handball &#8211; den &#8222;geilsten Sport der Welt&#8220;!<\/p>\n<p>Ob Team-Training, Individuelle Einheiten, Vereinscamps, Trainerfortbildung oder Karriereplanung: Das Team um A-Lizenzinhaber Steffen Piffkowski unterst\u00fctzt euch mit fachlichem know-how aus jahrelanger Erfahrungen.<\/p>\n<p>\u00a0<\/p>\n\n\n<figure class=\"wp-block-image size-large\"><img loading=\"lazy\" decoding=\"async\" width=\"900\" height=\"600\" src=\"https:\/\/www.handballschule-rheinneckar.de\/wp-content\/uploads\/2019\/06\/Steffen_Piffkowski.jpg\" alt=\"\" class=\"wp-image-40\" srcset=\"https:\/\/www.handballschule-rheinneckar.de\/wp-content\/uploads\/2019\/06\/Steffen_Piffkowski.jpg 900w, https:\/\/www.handballschule-rheinneckar.de\/wp-content\/uploads\/2019\/06\/Steffen_Piffkowski-300x200.jpg 300w, https:\/\/www.handballschule-rheinneckar.de\/wp-content\/uploads\/2019\/06\/Steffen_Piffkowski-768x512.jpg 768w\" sizes=\"auto, (max-width: 900px) 100vw, 900px\" \/><figcaption>Steffen Piffkowski<\/figcaption><\/figure>\n\n\n\n<p class=\"wp-block-paragraph\">Auf den folgenden Seiten findet ihr alles Wissenswerte.<\/p>\n\n\n\n<p class=\"wp-block-paragraph\">Ein gro\u00dfes Dankesch\u00f6n geht an unsere Sponsoren und F\u00f6rderer.<\/p>\n\n\n\n<p class=\"wp-block-paragraph\">Viel Spa\u00df beim St\u00f6bern, euer Steffen<\/p>\n","protected":false},"excerpt":{"rendered":"<p>Die Handballschule Rhein-Neckar unterst\u00fctzt euch rund um den Handball &#8211; den &#8222;geilsten Sport der Welt&#8220;! Ob Team-Training, Individuelle Einheiten, Vereinscamps, Trainerfortbildung oder Karriereplanung: Das Team um A-Lizenzinhaber Steffen Piffkowski unterst\u00fctzt euch mit fachlichem know-how aus jahrelanger Erfahrungen. \u00a0 Auf den folgenden Seiten findet ihr alles Wissenswerte. Ein gro\u00dfes Dankesch\u00f6n geht an unsere Sponsoren und F\u00f6rderer. [&hellip;]<\/p>\n","protected":false},"author":1,"featured_media":0,"parent":0,"menu_order":0,"comment_status":"closed","ping_status":"closed","template":"","meta":{"_crdt_document":"","footnotes":""},"class_list":["post-11","page","type-page","status-publish","hentry"],"_links":{"self":[{"href":"https:\/\/www.handballschule-rheinneckar.de\/index.php?rest_route=\/wp\/v2\/pages\/11","targetHints":{"allow":["GET"]}}],"collection":[{"href":"https:\/\/www.handballschule-rheinneckar.de\/index.php?rest_route=\/wp\/v2\/pages"}],"about":[{"href":"https:\/\/www.handballschule-rheinneckar.de\/index.php?rest_route=\/wp\/v2\/types\/page"}],"author":[{"embeddable":true,"href":"https:\/\/www.handballschule-rheinneckar.de\/index.php?rest_route=\/wp\/v2\/users\/1"}],"replies":[{"embeddable":true,"href":"https:\/\/www.handballschule-rheinneckar.de\/index.php?rest_route=%2Fwp%2Fv2%2Fcomments&post=11"}],"version-history":[{"count":11,"href":"https:\/\/www.handballschule-rheinneckar.de\/index.php?rest_route=\/wp\/v2\/pages\/11\/revisions"}],"predecessor-version":[{"id":132,"href":"https:\/\/www.handballschule-rheinneckar.de\/index.php?rest_route=\/wp\/v2\/pages\/11\/revisions\/132"}],"wp:attachment":[{"href":"https:\/\/www.handballschule-rheinneckar.de\/index.php?rest_route=%2Fwp%2Fv2%2Fmedia&parent=11"}],"curies":[{"name":"wp","href":"https:\/\/api.w.org\/{rel}","templated":true}]}}